{"id":9,"date":"2023-10-20T01:41:57","date_gmt":"2023-10-20T01:41:57","guid":{"rendered":"https:\/\/valerikas.lt\/?page_id=9"},"modified":"2023-10-20T05:28:59","modified_gmt":"2023-10-20T05:28:59","slug":"apie-mus","status":"publish","type":"page","link":"https:\/\/valerikas.lt\/index.php\/apie-mus\/","title":{"rendered":"Apie mus"},"content":{"rendered":"<div data-colibri-id=\"9-c1\" class=\"style-366 style-local-9-c1 position-relative\">\n  <!---->\n  <div data-colibri-component=\"section\" data-colibri-id=\"9-c2\" id=\"custom\" class=\"h-section h-section-global-spacing d-flex align-items-lg-center align-items-md-center align-items-center style-367 style-local-9-c2 position-relative\">\n    <!---->\n    <!---->\n    <div class=\"h-section-grid-container h-section-boxed-container\">\n      <!---->\n      <div data-colibri-id=\"9-c3\" class=\"h-row-container gutters-row-lg-2 gutters-row-md-2 gutters-row-0 gutters-row-v-lg-2 gutters-row-v-md-2 gutters-row-v-2 style-370 style-local-9-c3 position-relative\">\n        <!---->\n        <div class=\"h-row justify-content-lg-center justify-content-md-center justify-content-center align-items-lg-stretch align-items-md-stretch align-items-stretch gutters-col-lg-2 gutters-col-md-2 gutters-col-0 gutters-col-v-lg-2 gutters-col-v-md-2 gutters-col-v-2\">\n          <!---->\n          <div class=\"h-column h-column-container d-flex h-col-lg-auto h-col-md-auto h-col-auto style-371-outer style-local-9-c4-outer\">\n            <div data-colibri-id=\"9-c4\" class=\"d-flex h-flex-basis h-column__inner h-px-lg-2 h-px-md-2 h-px-2 v-inner-lg-2 v-inner-md-2 v-inner-2 style-371 style-local-9-c4 position-relative\">\n              <!---->\n              <!---->\n              <div class=\"w-100 h-y-container h-column__content h-column__v-align flex-basis-100 align-self-lg-start align-self-md-start align-self-start\">\n                <!---->\n                <div data-colibri-id=\"9-c5\" class=\"h-text h-text-component style-372 style-local-9-c5 position-relative h-element\">\n                  <!---->\n                  <!---->\n                  <div class=\"\">\n                    <p>I\u012e \u201eVALERIKAS\u201c pagrindin\u0117 veikla \u2013 automobili\u0173 va\u017eiuokl\u0117s, varikli\u0173 remontas. Profesionali automobili\u0173 remonto specialist\u0173 komanda bei sertifikuota serviso \u012franga operatyviai ir kokybi\u0161kai pa\u0161alins J\u016bs\u0173 automobilio gedimus. Pagrindinis\n                      \u012fmon\u0117s tikslas yra teikti kokybi\u0161kas paslaugas konkurencingomis kainomis, i\u0161laikant ilgalaik\u012f bendradarbiavim\u0105 ir klient\u0173 pasitik\u0117jim\u0105 \u012fmone. Pasinaudokite m\u016bs\u0173 serviso paslaugomis ir patys \u012fsitikinkite paslaug\u0173 kokybe!.<\/p>\n                  <\/div>\n                <\/div>\n              <\/div>\n            <\/div>\n          <\/div>\n        <\/div>\n      <\/div>\n      <div data-colibri-id=\"9-c6\" class=\"h-row-container gutters-row-lg-2 gutters-row-md-2 gutters-row-0 gutters-row-v-lg-2 gutters-row-v-md-2 gutters-row-v-2 style-368 style-local-9-c6 position-relative\">\n        <!---->\n        <div class=\"h-row justify-content-lg-center justify-content-md-center justify-content-center align-items-lg-stretch align-items-md-stretch align-items-stretch gutters-col-lg-2 gutters-col-md-2 gutters-col-0 gutters-col-v-lg-2 gutters-col-v-md-2 gutters-col-v-2\">\n          <!---->\n          <div class=\"h-column h-column-container d-flex h-col-lg-auto h-col-md-auto h-col-auto style-369-outer style-local-9-c7-outer\">\n            <div data-colibri-id=\"9-c7\" class=\"d-flex h-flex-basis h-column__inner h-px-lg-2 h-px-md-2 h-px-2 v-inner-lg-2 v-inner-md-2 v-inner-2 style-369 style-local-9-c7 position-relative\">\n              <!---->\n              <!---->\n              <div class=\"w-100 h-y-container h-column__content h-column__v-align flex-basis-100 align-self-lg-start align-self-md-start align-self-start\">\n                <!---->\n                <div data-colibri-id=\"9-c8\" class=\"h-row-container gutters-row-lg-2 gutters-row-md-2 gutters-row-0 gutters-row-v-lg-2 gutters-row-v-md-2 gutters-row-v-2 style-373 style-local-9-c8 position-relative\">\n                  <!---->\n                  <div class=\"h-row justify-content-lg-center justify-content-md-center justify-content-center align-items-lg-stretch align-items-md-stretch align-items-stretch gutters-col-lg-2 gutters-col-md-2 gutters-col-0 gutters-col-v-lg-2 gutters-col-v-md-2 gutters-col-v-2\">\n                    <!---->\n                    <div class=\"h-column h-column-container d-flex h-col-lg-auto h-col-md-auto h-col-auto style-374-outer style-local-9-c9-outer\">\n                      <div data-colibri-id=\"9-c9\" class=\"d-flex h-flex-basis h-column__inner h-px-lg-2 h-px-md-2 h-px-2 v-inner-lg-2 v-inner-md-2 v-inner-2 style-374 style-local-9-c9 position-relative\">\n                        <!---->\n                        <!---->\n                        <div class=\"w-100 h-y-container h-column__content h-column__v-align flex-basis-100 align-self-lg-start align-self-md-start align-self-start\">\n                          <!---->\n                          <div data-colibri-id=\"9-c10\" class=\"h-global-transition-all h-heading style-376 style-local-9-c10 position-relative h-element\">\n                            <!---->\n                            <div class=\"h-heading__outer style-376 style-local-9-c10\">\n                              <!---->\n                              <!---->\n                              <h4 class=\"\">Darbo laikas<\/h4>\n                            <\/div>\n                          <\/div>\n                          <div data-colibri-id=\"9-c11\" class=\"h-text h-text-component style-381 style-local-9-c11 position-relative h-element\">\n                            <!---->\n                            <!---->\n                            <div class=\"\">\n                              <p>DARBO DIENOMIS:&nbsp;09:00 \u2013 18:00<\/p>\n                              <p>\u0160E\u0160TADIENIAIS:&nbsp; &nbsp; &nbsp; &nbsp; 08:00 \u2013 14:00<\/p>\n                              <p>SEKMADIENIAIS:&nbsp; &nbsp; &nbsp; &nbsp; NEDIRBAME<\/p>\n                            <\/div>\n                          <\/div>\n                        <\/div>\n                      <\/div>\n                    <\/div>\n                    <div class=\"h-column h-column-container d-flex h-col-lg-auto h-col-md-auto h-col-auto style-375-outer style-local-9-c12-outer\">\n                      <div data-colibri-id=\"9-c12\" class=\"d-flex h-flex-basis h-column__inner h-px-lg-2 h-px-md-2 h-px-2 v-inner-lg-2 v-inner-md-2 v-inner-2 style-375 style-local-9-c12 position-relative\">\n                        <!---->\n                        <!---->\n                        <div class=\"w-100 h-y-container h-column__content h-column__v-align flex-basis-100 align-self-lg-start align-self-md-start align-self-start\">\n                          <!---->\n                          <div data-colibri-id=\"9-c13\" class=\"h-global-transition-all h-heading style-379 style-local-9-c13 position-relative h-element\">\n                            <!---->\n                            <div class=\"h-heading__outer style-379 style-local-9-c13\">\n                              <!---->\n                              <!---->\n                              <h4 class=\"\">M\u016bs\u0173 vertyb\u0117s<\/h4>\n                            <\/div>\n                          <\/div>\n                          <div data-colibri-id=\"9-c14\" class=\"h-text h-text-component style-383 style-local-9-c14 position-relative h-element\">\n                            <!---->\n                            <!---->\n                            <div class=\"\">\n                              <p>Orientacija \u012f klient\u0105 \u2013 visada \u017evelgiame kliento akimis, m\u016bs\u0173 tikslas \u2013 s\u0117kmingas bendradarbiavimas; Pasitik\u0117jimas \u2013 klientai turi pasitik\u0117ti mumis, m\u016bs\u0173 paslaugomis, produktais ir darbu; Profesionalumas \u2013 tai ne tik s\u0117km\u0117s\n                                faktorius, tai noras kasdien tobul\u0117ti; Novatori\u0161kumas \u2013 n\u0117ra vieno universalaus sprendimo, mes nuolatos einame \u012f priek\u012f; Lankstumas \u2013 siekiant geriausio rezultato, pasitelkiame visus savo resursus;<\/p>\n                            <\/div>\n                          <\/div>\n                        <\/div>\n                      <\/div>\n                    <\/div>\n                  <\/div>\n                <\/div>\n              <\/div>\n            <\/div>\n          <\/div>\n        <\/div>\n      <\/div>\n    <\/div>\n  <\/div>\n<\/div>","protected":false},"excerpt":{"rendered":"<p>I\u012e \u201eVALERIKAS\u201c pagrindin\u0117 veikla \u2013 automobili\u0173 va\u017eiuokl\u0117s, varikli\u0173 remontas. Profesionali automobili\u0173 remonto specialist\u0173 komanda bei sertifikuota serviso \u012franga operatyviai ir kokybi\u0161kai pa\u0161alins J\u016bs\u0173 automobilio gedimus. Pagrindinis \u012fmon\u0117s tikslas yra teikti kokybi\u0161kas paslaugas konkurencingomis kainomis, i\u0161laikant ilgalaik\u012f bendradarbiavim\u0105 ir klient\u0173 pasitik\u0117jim\u0105 \u012fmone. Pasinaudokite m\u016bs\u0173 serviso paslaugomis ir patys \u012fsitikinkite paslaug\u0173 kokybe!. Darbo laikas DARBO DIENOMIS:&nbsp;09:00 \u2013 [&hellip;]<\/p>\n","protected":false},"author":1,"featured_media":0,"parent":0,"menu_order":0,"comment_status":"closed","ping_status":"closed","template":"page-templates\/full-width-page.php","meta":{"om_disable_all_campaigns":false,"_monsterinsights_skip_tracking":false,"_monsterinsights_sitenote_active":false,"_monsterinsights_sitenote_note":"","_monsterinsights_sitenote_category":0,"footnotes":""},"class_list":["post-9","page","type-page","status-publish","hentry"],"aioseo_notices":[],"_hostinger_reach_plugin_has_subscription_block":false,"_hostinger_reach_plugin_is_elementor":false,"_links":{"self":[{"href":"https:\/\/valerikas.lt\/index.php\/wp-json\/wp\/v2\/pages\/9","targetHints":{"allow":["GET"]}}],"collection":[{"href":"https:\/\/valerikas.lt\/index.php\/wp-json\/wp\/v2\/pages"}],"about":[{"href":"https:\/\/valerikas.lt\/index.php\/wp-json\/wp\/v2\/types\/page"}],"author":[{"embeddable":true,"href":"https:\/\/valerikas.lt\/index.php\/wp-json\/wp\/v2\/users\/1"}],"replies":[{"embeddable":true,"href":"https:\/\/valerikas.lt\/index.php\/wp-json\/wp\/v2\/comments?post=9"}],"version-history":[{"count":4,"href":"https:\/\/valerikas.lt\/index.php\/wp-json\/wp\/v2\/pages\/9\/revisions"}],"predecessor-version":[{"id":234,"href":"https:\/\/valerikas.lt\/index.php\/wp-json\/wp\/v2\/pages\/9\/revisions\/234"}],"wp:attachment":[{"href":"https:\/\/valerikas.lt\/index.php\/wp-json\/wp\/v2\/media?parent=9"}],"curies":[{"name":"wp","href":"https:\/\/api.w.org\/{rel}","templated":true}]}}