{"id":11,"date":"2023-10-20T01:42:11","date_gmt":"2023-10-20T01:42:11","guid":{"rendered":"https:\/\/valerikas.lt\/?page_id=11"},"modified":"2023-10-20T05:10:10","modified_gmt":"2023-10-20T05:10:10","slug":"paslaugos","status":"publish","type":"page","link":"https:\/\/valerikas.lt\/index.php\/paslaugos\/","title":{"rendered":"Paslaugos"},"content":{"rendered":"<div data-colibri-id=\"11-c1\" class=\"style-384 style-local-11-c1 position-relative\">\n  <!---->\n  <div data-colibri-component=\"section\" data-colibri-id=\"11-c2\" id=\"custom\" class=\"h-section h-section-global-spacing d-flex align-items-lg-center align-items-md-center align-items-center style-385 style-local-11-c2 position-relative\">\n    <!---->\n    <!---->\n    <div class=\"h-section-grid-container h-section-boxed-container\">\n      <!---->\n      <div data-colibri-id=\"11-c3\" class=\"h-row-container gutters-row-lg-2 gutters-row-md-2 gutters-row-0 gutters-row-v-lg-2 gutters-row-v-md-2 gutters-row-v-2 style-386 style-local-11-c3 position-relative\">\n        <!---->\n        <div class=\"h-row justify-content-lg-center justify-content-md-center justify-content-center align-items-lg-stretch align-items-md-stretch align-items-stretch gutters-col-lg-2 gutters-col-md-2 gutters-col-0 gutters-col-v-lg-2 gutters-col-v-md-2 gutters-col-v-2\">\n          <!---->\n          <div class=\"h-column h-column-container d-flex h-col-lg-auto h-col-md-auto h-col-auto style-387-outer style-local-11-c4-outer\">\n            <div data-colibri-id=\"11-c4\" class=\"d-flex h-flex-basis h-column__inner h-px-lg-2 h-px-md-2 h-px-2 v-inner-lg-2 v-inner-md-2 v-inner-2 style-387 style-local-11-c4 position-relative\">\n              <!---->\n              <!---->\n              <div class=\"w-100 h-y-container h-column__content h-column__v-align flex-basis-100 align-self-lg-start align-self-md-start align-self-start\">\n                <!---->\n                <div data-colibri-id=\"11-c7\" class=\"h-global-transition-all h-heading style-390 style-local-11-c7 position-relative h-element\">\n                  <!---->\n                  <div class=\"h-heading__outer style-390 style-local-11-c7\">\n                    <!---->\n                    <!---->\n                    <h4 class=\"\">Variklio taisymo kainos<\/h4>\n                  <\/div>\n                <\/div>\n                <div data-colibri-id=\"11-c10\" class=\"h-text h-text-component style-393 style-local-11-c10 position-relative h-element\">\n                  <!---->\n                  <!---->\n                  <div class=\"\">\n                    <p>Tikslios kainos priklauso nuo konkretaus automobilio darb\u0173 ypatum\u0173. Jei reikalinga tiksli remonto darb\u0173 s\u0105mata konkre\u010diam automobiliui, kvie\u010diame u\u017esukti \u012f m\u016bs\u0173 autoservis\u0105 arba susisiekti elektroniniu pa\u0161tu info@valerikas.lt<\/p>\n                  <\/div>\n                <\/div>\n                <div data-colibri-id=\"11-c13\" class=\"h-text h-text-component style-396 style-local-11-c13 position-relative h-element\">\n                  <!---->\n                  <!---->\n                  <div class=\"\">\n                    <p>Paskirstymo dir\u017eo keitimas<\/p>\n                    <p>Au\u0161inimo skyscio siurblio keitimas<\/p>\n                    <p>Grandines keitimas<\/p>\n                    <p>Vo\u017etuvu dangtelio tarpines keitimas<\/p>\n                    <p>Vo\u017etuvu reguliavimas<\/p>\n                    <p>Hidrokompensatoriu keitimas<\/p>\n                    <p>Vo\u017etuvu riebok\u0161liu keitimas<\/p>\n                    <p>Alkuninio veleno priekinio riebok\u0161lio keitimas<\/p>\n                    <p>Alkuninio veleno galinio riebok\u0161lio keitimas<\/p>\n                    <p>Variklio pagalves keitimas<\/p>\n                    <p>Variklio karterio nuemimas\/pastatymas Variklio karterio remontas<\/p>\n                    <p>Variklio galvutes nuemimas\/pastaymas Stumokliniu \u017eiedu keitimas<\/p>\n                    <p>Variklio keitimas<\/p>\n                    <p>Variklio kapitalinis remontas Variklio kapitalinis remontas 2000-3000<\/p>\n                    <p>\n                      <br>\n                    <\/p>\n                  <\/div>\n                <\/div>\n              <\/div>\n            <\/div>\n          <\/div>\n          <div class=\"h-column h-column-container d-flex h-col-lg-auto h-col-md-auto h-col-auto style-388-outer style-local-11-c5-outer\">\n            <div data-colibri-id=\"11-c5\" class=\"d-flex h-flex-basis h-column__inner h-px-lg-2 h-px-md-2 h-px-2 v-inner-lg-2 v-inner-md-2 v-inner-2 style-388 style-local-11-c5 position-relative\">\n              <!---->\n              <!---->\n              <div class=\"w-100 h-y-container h-column__content h-column__v-align flex-basis-100 align-self-lg-start align-self-md-start align-self-start\">\n                <!---->\n                <div data-colibri-id=\"11-c8\" class=\"h-global-transition-all h-heading style-391 style-local-11-c8 position-relative h-element\">\n                  <!---->\n                  <div class=\"h-heading__outer style-391 style-local-11-c8\">\n                    <!---->\n                    <!---->\n                    <h4 class=\"\">Va\u017eiuokl\u0117s taisymas\n                      <br>\n                    <\/h4>\n                  <\/div>\n                <\/div>\n                <div data-colibri-id=\"11-c11\" class=\"h-text h-text-component style-394 style-local-11-c11 position-relative h-element\">\n                  <!---->\n                  <!---->\n                  <div class=\"\">\n                    <p>Tikslios kainos priklauso nuo konkretaus automobilio darb\u0173 ypatum\u0173. Jei reikalinga tiksli remonto darb\u0173 s\u0105mata konkre\u010diam automobiliui, kvie\u010diame u\u017esukti \u012f m\u016bs\u0173 autoservis\u0105 arba susisiekti elektroniniu pa\u0161tu info@valerikas.lt<\/p>\n                  <\/div>\n                <\/div>\n                <div data-colibri-id=\"11-c14\" class=\"h-text h-text-component style-397 style-local-11-c14 position-relative h-element\">\n                  <!---->\n                  <!---->\n                  <div class=\"\">\n                    <p>Apatines \u0161akes ivoriu keitimas<\/p>\n                    <p>Vir\u0161utines \u0161akes ivoriu keitimas<\/p>\n                    <p>Apatines \u0161akes \u0161arnyro keitimas<\/p>\n                    <p>Vir\u0161utines \u0161akes \u0161arnyro keitimas<\/p>\n                    <p>Apatines \u0161akes keitimas<\/p>\n                    <p>Vir\u0161utines \u0161akes keitimas<\/p>\n                    <p>Priekinio rato guolio keitimas<\/p>\n                    <p>Rato guolio reguliavimas<\/p>\n                    <p>Kardano pakabinamo guolio keitimas<\/p>\n                    <p>Vairo koloneles nuemimas\/pastatymas<\/p>\n                    <p>Vairo koloneles remontas (nuimtai kolonelei)<\/p>\n                    <p>Vairo koloneles apsaugu keitimas<\/p>\n                    <p>Priekinio amortizatoriaus keitimas<\/p>\n                    <p>Galinio amorizatoriaus keitimas<\/p>\n                    <p>Vairo traukes antgalio keitimas<\/p>\n                    <p>Vairo traukes keitimas<\/p>\n                    <p>Lanksciojo \u0161arnyro(granatos) keitimas<\/p>\n                    <p>Lanksciojo \u0161arnyro (granatos) apsaugos keitimas<\/p>\n                    <p>Stabilizatoriaus<\/p>\n                    <p>Stabilizatoriaus traukes keitimas<\/p>\n                    <p>Galinio tilto pusa\u0161io keitimas<\/p>\n                    <p>Galines reaktyvines traukes keitimas<\/p>\n                    <p>Spyruokles keitimas<\/p>\n                    <p>Vairo stiprintuvo skyscio keitimas<\/p>\n                  <\/div>\n                <\/div>\n              <\/div>\n            <\/div>\n          <\/div>\n          <div class=\"h-column h-column-container d-flex h-col-lg-auto h-col-md-auto h-col-auto style-389-outer style-local-11-c6-outer\">\n            <div data-colibri-id=\"11-c6\" class=\"d-flex h-flex-basis h-column__inner h-px-lg-2 h-px-md-2 h-px-2 v-inner-lg-2 v-inner-md-2 v-inner-2 style-389 style-local-11-c6 position-relative\">\n              <!---->\n              <!---->\n              <div class=\"w-100 h-y-container h-column__content h-column__v-align flex-basis-100 align-self-lg-start align-self-md-start align-self-start\">\n                <!---->\n                <div data-colibri-id=\"11-c9\" class=\"h-global-transition-all h-heading style-392 style-local-11-c9 position-relative h-element\">\n                  <!---->\n                  <div class=\"h-heading__outer style-392 style-local-11-c9\">\n                    <!---->\n                    <!---->\n                    <h4 class=\"\">Rat\u0173 montavimas-balansavimas ir Restauravimo darbai<\/h4>\n                  <\/div>\n                <\/div>\n                <div data-colibri-id=\"11-c12\" class=\"h-text h-text-component style-395 style-local-11-c12 position-relative h-element\">\n                  <!---->\n                  <!---->\n                  <div class=\"\">\n                    <p>Tikslios kainos priklauso nuo konkretaus automobilio darb\u0173 ypatum\u0173. Jei reikalinga tiksli remonto darb\u0173 s\u0105mata konkre\u010diam automobiliui, kvie\u010diame u\u017esukti \u012f m\u016bs\u0173 autoservis\u0105 arba susisiekti elektroniniu pa\u0161tu info@valerikas.lt<\/p>\n                  <\/div>\n                <\/div>\n                <div data-colibri-id=\"11-c15\" class=\"h-text h-text-component style-398 style-local-11-c15 position-relative h-element\">\n                  <!---->\n                  <!---->\n                  <div class=\"\">\n                    <p>Montavimas<\/p>\n                    <p>Balansavimas<\/p>\n                    <p>Padangu klijavimas<\/p>\n                    <p>Atliekami frezavimo, tekinimo, \u0161lifavimo darbai pagal pateikta pavyzdi arba bre\u017eini.<\/p>\n                    <p>\u0160arnyru restauracija<\/p>\n                    <p>\u0160arnyru restauracija<\/p>\n                  <\/div>\n                <\/div>\n              <\/div>\n            <\/div>\n          <\/div>\n        <\/div>\n      <\/div>\n    <\/div>\n  <\/div>\n<\/div>","protected":false},"excerpt":{"rendered":"<p>Variklio taisymo kainos Tikslios kainos priklauso nuo konkretaus automobilio darb\u0173 ypatum\u0173. Jei reikalinga tiksli remonto darb\u0173 s\u0105mata konkre\u010diam automobiliui, kvie\u010diame u\u017esukti \u012f m\u016bs\u0173 autoservis\u0105 arba susisiekti elektroniniu pa\u0161tu info@valerikas.lt Paskirstymo dir\u017eo keitimas Au\u0161inimo skyscio siurblio keitimas Grandines keitimas Vo\u017etuvu dangtelio tarpines keitimas Vo\u017etuvu reguliavimas Hidrokompensatoriu keitimas Vo\u017etuvu riebok\u0161liu keitimas Alkuninio veleno priekinio riebok\u0161lio keitimas Alkuninio [&hellip;]<\/p>\n","protected":false},"author":1,"featured_media":0,"parent":0,"menu_order":0,"comment_status":"closed","ping_status":"closed","template":"page-templates\/full-width-page.php","meta":{"om_disable_all_campaigns":false,"_monsterinsights_skip_tracking":false,"_monsterinsights_sitenote_active":false,"_monsterinsights_sitenote_note":"","_monsterinsights_sitenote_category":0,"footnotes":""},"class_list":["post-11","page","type-page","status-publish","hentry"],"aioseo_notices":[],"_hostinger_reach_plugin_has_subscription_block":false,"_hostinger_reach_plugin_is_elementor":false,"_links":{"self":[{"href":"https:\/\/valerikas.lt\/index.php\/wp-json\/wp\/v2\/pages\/11","targetHints":{"allow":["GET"]}}],"collection":[{"href":"https:\/\/valerikas.lt\/index.php\/wp-json\/wp\/v2\/pages"}],"about":[{"href":"https:\/\/valerikas.lt\/index.php\/wp-json\/wp\/v2\/types\/page"}],"author":[{"embeddable":true,"href":"https:\/\/valerikas.lt\/index.php\/wp-json\/wp\/v2\/users\/1"}],"replies":[{"embeddable":true,"href":"https:\/\/valerikas.lt\/index.php\/wp-json\/wp\/v2\/comments?post=11"}],"version-history":[{"count":3,"href":"https:\/\/valerikas.lt\/index.php\/wp-json\/wp\/v2\/pages\/11\/revisions"}],"predecessor-version":[{"id":186,"href":"https:\/\/valerikas.lt\/index.php\/wp-json\/wp\/v2\/pages\/11\/revisions\/186"}],"wp:attachment":[{"href":"https:\/\/valerikas.lt\/index.php\/wp-json\/wp\/v2\/media?parent=11"}],"curies":[{"name":"wp","href":"https:\/\/api.w.org\/{rel}","templated":true}]}}